{"id":13,"date":"2024-02-14T23:13:51","date_gmt":"2024-02-14T22:13:51","guid":{"rendered":"https:\/\/wellnessbywilnur.com\/?page_id=13"},"modified":"2024-02-14T23:13:51","modified_gmt":"2024-02-14T22:13:51","slug":"cart","status":"publish","type":"page","link":"https:\/\/wellnessbywilnur.com\/?page_id=13","title":{"rendered":"Cart"},"content":{"rendered":"<div data-block-name=\"woocommerce\/cart\" class=\"wp-block-woocommerce-cart alignwide is-loading\"><div data-block-name=\"woocommerce\/filled-cart-block\" class=\"wp-block-woocommerce-filled-cart-block\"><div data-block-name=\"woocommerce\/cart-items-block\" class=\"wp-block-woocommerce-cart-items-block\"><div data-block-name=\"woocommerce\/cart-line-items-block\" class=\"wp-block-woocommerce-cart-line-items-block\"><\/div>\n\n<div data-block-name=\"woocommerce\/cart-cross-sells-block\" class=\"wp-block-woocommerce-cart-cross-sells-block\"><h2 class=\"wp-block-heading has-large-font-size\">You may be interested in\u2026<\/h2>\n\n<div data-block-name=\"woocommerce\/cart-cross-sells-products-block\" class=\"wp-block-woocommerce-cart-cross-sells-products-block\"><\/div><\/div><\/div>\n\n<div data-block-name=\"woocommerce\/cart-totals-block\" class=\"wp-block-woocommerce-cart-totals-block\"><div data-block-name=\"woocommerce\/cart-order-summary-block\" class=\"wp-block-woocommerce-cart-order-summary-block\"><div data-block-name=\"woocommerce\/cart-order-summary-heading-block\" class=\"wp-block-woocommerce-cart-order-summary-heading-block\"><\/div><div data-block-name=\"woocommerce\/cart-order-summary-coupon-form-block\" class=\"wp-block-woocommerce-cart-order-summary-coupon-form-block\"><\/div><div data-block-name=\"woocommerce\/cart-order-summary-totals-block\" class=\"wp-block-woocommerce-cart-order-summary-totals-block\">\n<div data-block-name=\"woocommerce\/cart-order-summary-subtotal-block\" class=\"wp-block-woocommerce-cart-order-summary-subtotal-block\"><\/div>\n<div data-block-name=\"woocommerce\/cart-order-summary-discount-block\" class=\"wp-block-woocommerce-cart-order-summary-discount-block\"><\/div>\n<div data-block-name=\"woocommerce\/cart-order-summary-fee-block\" class=\"wp-block-woocommerce-cart-order-summary-fee-block\"><\/div>\n<div data-block-name=\"woocommerce\/cart-order-summary-shipping-block\" class=\"wp-block-woocommerce-cart-order-summary-shipping-block\"><\/div>\n<div data-block-name=\"woocommerce\/cart-order-summary-taxes-block\" class=\"wp-block-woocommerce-cart-order-summary-taxes-block\"><\/div><\/div><\/div>\n\n<div data-block-name=\"woocommerce\/cart-express-payment-block\" class=\"wp-block-woocommerce-cart-express-payment-block\"><\/div>\n\n<div data-block-name=\"woocommerce\/proceed-to-checkout-block\" class=\"wp-block-woocommerce-proceed-to-checkout-block\"><\/div>\n\n<div data-block-name=\"woocommerce\/cart-accepted-payment-methods-block\" class=\"wp-block-woocommerce-cart-accepted-payment-methods-block\"><\/div><\/div><\/div>\n\n<div data-block-name=\"woocommerce\/empty-cart-block\" class=\"wp-block-woocommerce-empty-cart-block\"><h2 class=\"wp-block-heading has-text-align-center with-empty-cart-icon wc-block-cart__empty-cart__title\">Your cart is currently empty!<\/h2>\n\n<hr class=\"wp-block-separator has-alpha-channel-opacity is-style-dots\"\/>\n\n<h2 class=\"wp-block-heading has-text-align-center\">New in store<\/h2>\n\n<div data-block-name=\"woocommerce\/product-new\" data-columns=\"4\" data-rows=\"1\" class=\"wc-block-grid wp-block-product-new wc-block-product-new has-4-columns\"><ul class=\"wc-block-grid__products\"><li class=\"wc-block-grid__product\">\n\t\t\t\t<a href=\"https:\/\/wellnessbywilnur.com\/?product=sleep-guide-english\" class=\"wc-block-grid__product-link\">\n\t\t\t\t\t<div class=\"wc-block-grid__product-onsale\">\n\t\t\t<span aria-hidden=\"true\">Sale<\/span>\n\t\t\t<span class=\"screen-reader-text\">Product on sale<\/span>\n\t\t<\/div>\n\t\t\t\t\t<div class=\"wc-block-grid__product-image\"><img fetchpriority=\"high\" decoding=\"async\" width=\"300\" height=\"300\" src=\"https:\/\/wellnessbywilnur.com\/wp-content\/uploads\/2024\/03\/sleepguide-300x300.png\" class=\"attachment-woocommerce_thumbnail size-woocommerce_thumbnail\" alt=\"Sleep Guide - English\" srcset=\"https:\/\/wellnessbywilnur.com\/wp-content\/uploads\/2024\/03\/sleepguide-300x300.png 300w, https:\/\/wellnessbywilnur.com\/wp-content\/uploads\/2024\/03\/sleepguide-150x150.png 150w, https:\/\/wellnessbywilnur.com\/wp-content\/uploads\/2024\/03\/sleepguide-100x100.png 100w\" sizes=\"(max-width: 300px) 100vw, 300px\" \/><\/div>\n\t\t\t\t\t<div class=\"wc-block-grid__product-title\">Sleep Guide &#8211; English<\/div>\n\t\t\t\t<\/a>\n\t\t\t\t<div class=\"wc-block-grid__product-price price\"><del aria-hidden=\"true\"><span class=\"woocommerce-Price-amount amount\">29,97&nbsp;<span class=\"woocommerce-Price-currencySymbol\">&#036;<\/span><\/span><\/del> <span class=\"screen-reader-text\">Original price was: 29,97&nbsp;&#036;.<\/span><ins aria-hidden=\"true\"><span class=\"woocommerce-Price-amount amount\">19,97&nbsp;<span class=\"woocommerce-Price-currencySymbol\">&#036;<\/span><\/span><\/ins><span class=\"screen-reader-text\">Current price is: 19,97&nbsp;&#036;.<\/span><\/div>\n\t\t\t\t\n\t\t\t\t<div class=\"wp-block-button wc-block-grid__product-add-to-cart\"><a href=\"?add-to-cart=4194\" aria-label=\"Add to cart: &ldquo;Sleep Guide - English&rdquo;\" data-quantity=\"1\" data-product_id=\"4194\" data-product_sku=\"\" data-price=\"19.97\" rel=\"nofollow\" class=\"wp-block-button__link  add_to_cart_button ajax_add_to_cart\">Add to cart<\/a><\/div>\n\t\t\t<\/li><li class=\"wc-block-grid__product\">\n\t\t\t\t<a href=\"https:\/\/wellnessbywilnur.com\/?product=guia-del-sueno-espanol\" class=\"wc-block-grid__product-link\">\n\t\t\t\t\t<div class=\"wc-block-grid__product-onsale\">\n\t\t\t<span aria-hidden=\"true\">Sale<\/span>\n\t\t\t<span class=\"screen-reader-text\">Product on sale<\/span>\n\t\t<\/div>\n\t\t\t\t\t<div class=\"wc-block-grid__product-image\"><img decoding=\"async\" width=\"300\" height=\"300\" src=\"https:\/\/wellnessbywilnur.com\/wp-content\/uploads\/2024\/03\/GUIA-DE-SUENO-300x300.png\" class=\"attachment-woocommerce_thumbnail size-woocommerce_thumbnail\" alt=\"Gu\u00eda del sue\u00f1o Espa\u00f1ol\" srcset=\"https:\/\/wellnessbywilnur.com\/wp-content\/uploads\/2024\/03\/GUIA-DE-SUENO-300x300.png 300w, https:\/\/wellnessbywilnur.com\/wp-content\/uploads\/2024\/03\/GUIA-DE-SUENO-150x150.png 150w, https:\/\/wellnessbywilnur.com\/wp-content\/uploads\/2024\/03\/GUIA-DE-SUENO-100x100.png 100w\" sizes=\"(max-width: 300px) 100vw, 300px\" \/><\/div>\n\t\t\t\t\t<div class=\"wc-block-grid__product-title\">Gu\u00eda del sue\u00f1o Espa\u00f1ol<\/div>\n\t\t\t\t<\/a>\n\t\t\t\t<div class=\"wc-block-grid__product-price price\"><del aria-hidden=\"true\"><span class=\"woocommerce-Price-amount amount\">29,97&nbsp;<span class=\"woocommerce-Price-currencySymbol\">&#036;<\/span><\/span><\/del> <span class=\"screen-reader-text\">Original price was: 29,97&nbsp;&#036;.<\/span><ins aria-hidden=\"true\"><span class=\"woocommerce-Price-amount amount\">19,97&nbsp;<span class=\"woocommerce-Price-currencySymbol\">&#036;<\/span><\/span><\/ins><span class=\"screen-reader-text\">Current price is: 19,97&nbsp;&#036;.<\/span><\/div>\n\t\t\t\t\n\t\t\t\t<div class=\"wp-block-button wc-block-grid__product-add-to-cart\"><a href=\"?add-to-cart=4190\" aria-label=\"Add to cart: &ldquo;Gu\u00eda del sue\u00f1o Espa\u00f1ol&rdquo;\" data-quantity=\"1\" data-product_id=\"4190\" data-product_sku=\"\" data-price=\"19.97\" rel=\"nofollow\" class=\"wp-block-button__link  add_to_cart_button ajax_add_to_cart\">Add to cart<\/a><\/div>\n\t\t\t<\/li><li class=\"wc-block-grid__product\">\n\t\t\t\t<a href=\"https:\/\/wellnessbywilnur.com\/?product=flaxseed-hormone-therapy-english\" class=\"wc-block-grid__product-link\">\n\t\t\t\t\t<div class=\"wc-block-grid__product-onsale\">\n\t\t\t<span aria-hidden=\"true\">Sale<\/span>\n\t\t\t<span class=\"screen-reader-text\">Product on sale<\/span>\n\t\t<\/div>\n\t\t\t\t\t<div class=\"wc-block-grid__product-image\"><img decoding=\"async\" width=\"300\" height=\"300\" src=\"https:\/\/wellnessbywilnur.com\/wp-content\/uploads\/2024\/03\/FLAXSEED-THERAPY-PORTADA-ENGLISH-300x300.png\" class=\"attachment-woocommerce_thumbnail size-woocommerce_thumbnail\" alt=\"Flaxseed Hormone Therapy - English\" srcset=\"https:\/\/wellnessbywilnur.com\/wp-content\/uploads\/2024\/03\/FLAXSEED-THERAPY-PORTADA-ENGLISH-300x300.png 300w, https:\/\/wellnessbywilnur.com\/wp-content\/uploads\/2024\/03\/FLAXSEED-THERAPY-PORTADA-ENGLISH-150x150.png 150w, https:\/\/wellnessbywilnur.com\/wp-content\/uploads\/2024\/03\/FLAXSEED-THERAPY-PORTADA-ENGLISH-100x100.png 100w\" sizes=\"(max-width: 300px) 100vw, 300px\" \/><\/div>\n\t\t\t\t\t<div class=\"wc-block-grid__product-title\">Flaxseed Hormone Therapy &#8211; English<\/div>\n\t\t\t\t<\/a>\n\t\t\t\t<div class=\"wc-block-grid__product-price price\"><del aria-hidden=\"true\"><span class=\"woocommerce-Price-amount amount\">14,99&nbsp;<span class=\"woocommerce-Price-currencySymbol\">&#036;<\/span><\/span><\/del> <span class=\"screen-reader-text\">Original price was: 14,99&nbsp;&#036;.<\/span><ins aria-hidden=\"true\"><span class=\"woocommerce-Price-amount amount\">9,97&nbsp;<span class=\"woocommerce-Price-currencySymbol\">&#036;<\/span><\/span><\/ins><span class=\"screen-reader-text\">Current price is: 9,97&nbsp;&#036;.<\/span><\/div>\n\t\t\t\t\n\t\t\t\t<div class=\"wp-block-button wc-block-grid__product-add-to-cart\"><a href=\"?add-to-cart=4022\" aria-label=\"Add to cart: &ldquo;Flaxseed Hormone Therapy - English&rdquo;\" data-quantity=\"1\" data-product_id=\"4022\" data-product_sku=\"\" data-price=\"9.97\" rel=\"nofollow\" class=\"wp-block-button__link  add_to_cart_button ajax_add_to_cart\">Add to cart<\/a><\/div>\n\t\t\t<\/li><li class=\"wc-block-grid__product\">\n\t\t\t\t<a href=\"https:\/\/wellnessbywilnur.com\/?product=terapia-hormonal-de-linaza-espanol\" class=\"wc-block-grid__product-link\">\n\t\t\t\t\t<div class=\"wc-block-grid__product-onsale\">\n\t\t\t<span aria-hidden=\"true\">Sale<\/span>\n\t\t\t<span class=\"screen-reader-text\">Product on sale<\/span>\n\t\t<\/div>\n\t\t\t\t\t<div class=\"wc-block-grid__product-image\"><img loading=\"lazy\" decoding=\"async\" width=\"300\" height=\"300\" src=\"https:\/\/wellnessbywilnur.com\/wp-content\/uploads\/2024\/03\/TERAPIA-HORMONAL-PORTADA-300x300.png\" class=\"attachment-woocommerce_thumbnail size-woocommerce_thumbnail\" alt=\"Terapia Hormonal de Linaza - Espa\u00f1ol\" srcset=\"https:\/\/wellnessbywilnur.com\/wp-content\/uploads\/2024\/03\/TERAPIA-HORMONAL-PORTADA-300x300.png 300w, https:\/\/wellnessbywilnur.com\/wp-content\/uploads\/2024\/03\/TERAPIA-HORMONAL-PORTADA-150x150.png 150w, https:\/\/wellnessbywilnur.com\/wp-content\/uploads\/2024\/03\/TERAPIA-HORMONAL-PORTADA-100x100.png 100w\" sizes=\"(max-width: 300px) 100vw, 300px\" \/><\/div>\n\t\t\t\t\t<div class=\"wc-block-grid__product-title\">Terapia Hormonal de Linaza &#8211; Espa\u00f1ol<\/div>\n\t\t\t\t<\/a>\n\t\t\t\t<div class=\"wc-block-grid__product-price price\"><del aria-hidden=\"true\"><span class=\"woocommerce-Price-amount amount\">14,99&nbsp;<span class=\"woocommerce-Price-currencySymbol\">&#036;<\/span><\/span><\/del> <span class=\"screen-reader-text\">Original price was: 14,99&nbsp;&#036;.<\/span><ins aria-hidden=\"true\"><span class=\"woocommerce-Price-amount amount\">9,97&nbsp;<span class=\"woocommerce-Price-currencySymbol\">&#036;<\/span><\/span><\/ins><span class=\"screen-reader-text\">Current price is: 9,97&nbsp;&#036;.<\/span><\/div>\n\t\t\t\t\n\t\t\t\t<div class=\"wp-block-button wc-block-grid__product-add-to-cart\"><a href=\"?add-to-cart=4019\" aria-label=\"Add to cart: &ldquo;Terapia Hormonal de Linaza - Espa\u00f1ol&rdquo;\" data-quantity=\"1\" data-product_id=\"4019\" data-product_sku=\"\" data-price=\"9.97\" rel=\"nofollow\" class=\"wp-block-button__link  add_to_cart_button ajax_add_to_cart\">Add to cart<\/a><\/div>\n\t\t\t<\/li><\/ul><\/div><\/div><\/div>","protected":false},"excerpt":{"rendered":"","protected":false},"author":1,"featured_media":0,"parent":0,"menu_order":0,"comment_status":"closed","ping_status":"closed","template":"","meta":{"om_disable_all_campaigns":false,"_monsterinsights_skip_tracking":false,"_monsterinsights_sitenote_active":false,"_monsterinsights_sitenote_note":"","_monsterinsights_sitenote_category":0,"footnotes":""},"class_list":["post-13","page","type-page","status-publish","hentry"],"aioseo_notices":[],"jetpack_sharing_enabled":true,"_links":{"self":[{"href":"https:\/\/wellnessbywilnur.com\/index.php?rest_route=\/wp\/v2\/pages\/13","targetHints":{"allow":["GET"]}}],"collection":[{"href":"https:\/\/wellnessbywilnur.com\/index.php?rest_route=\/wp\/v2\/pages"}],"about":[{"href":"https:\/\/wellnessbywilnur.com\/index.php?rest_route=\/wp\/v2\/types\/page"}],"author":[{"embeddable":true,"href":"https:\/\/wellnessbywilnur.com\/index.php?rest_route=\/wp\/v2\/users\/1"}],"replies":[{"embeddable":true,"href":"https:\/\/wellnessbywilnur.com\/index.php?rest_route=%2Fwp%2Fv2%2Fcomments&post=13"}],"version-history":[{"count":0,"href":"https:\/\/wellnessbywilnur.com\/index.php?rest_route=\/wp\/v2\/pages\/13\/revisions"}],"wp:attachment":[{"href":"https:\/\/wellnessbywilnur.com\/index.php?rest_route=%2Fwp%2Fv2%2Fmedia&parent=13"}],"curies":[{"name":"wp","href":"https:\/\/api.w.org\/{rel}","templated":true}]}}