{"id":4190,"date":"2024-03-26T05:59:53","date_gmt":"2024-03-26T04:59:53","guid":{"rendered":"https:\/\/wellnessbywilnur.com\/?post_type=product&#038;p=4190"},"modified":"2024-03-26T05:59:53","modified_gmt":"2024-03-26T04:59:53","slug":"guia-del-sueno-espanol","status":"publish","type":"product","link":"https:\/\/wellnessbywilnur.com\/?product=guia-del-sueno-espanol","title":{"rendered":"Gu\u00eda del sue\u00f1o Espa\u00f1ol"},"content":{"rendered":"","protected":false},"excerpt":{"rendered":"","protected":false},"featured_media":4191,"comment_status":"open","ping_status":"closed","template":"","meta":{"om_disable_all_campaigns":false,"_monsterinsights_skip_tracking":false,"_monsterinsights_sitenote_active":false,"_monsterinsights_sitenote_note":"","_monsterinsights_sitenote_category":0},"product_cat":[69],"product_tag":[],"class_list":{"0":"post-4190","1":"product","2":"type-product","3":"status-publish","4":"has-post-thumbnail","6":"product_cat-ebook","8":"first","9":"instock","10":"sale","11":"downloadable","12":"shipping-taxable","13":"purchasable","14":"product-type-simple"},"aioseo_notices":[],"jetpack_sharing_enabled":true,"_links":{"self":[{"href":"https:\/\/wellnessbywilnur.com\/index.php?rest_route=\/wp\/v2\/product\/4190","targetHints":{"allow":["GET"]}}],"collection":[{"href":"https:\/\/wellnessbywilnur.com\/index.php?rest_route=\/wp\/v2\/product"}],"about":[{"href":"https:\/\/wellnessbywilnur.com\/index.php?rest_route=\/wp\/v2\/types\/product"}],"replies":[{"embeddable":true,"href":"https:\/\/wellnessbywilnur.com\/index.php?rest_route=%2Fwp%2Fv2%2Fcomments&post=4190"}],"wp:featuredmedia":[{"embeddable":true,"href":"https:\/\/wellnessbywilnur.com\/index.php?rest_route=\/wp\/v2\/media\/4191"}],"wp:attachment":[{"href":"https:\/\/wellnessbywilnur.com\/index.php?rest_route=%2Fwp%2Fv2%2Fmedia&parent=4190"}],"wp:term":[{"taxonomy":"product_cat","embeddable":true,"href":"https:\/\/wellnessbywilnur.com\/index.php?rest_route=%2Fwp%2Fv2%2Fproduct_cat&post=4190"},{"taxonomy":"product_tag","embeddable":true,"href":"https:\/\/wellnessbywilnur.com\/index.php?rest_route=%2Fwp%2Fv2%2Fproduct_tag&post=4190"}],"curies":[{"name":"wp","href":"https:\/\/api.w.org\/{rel}","templated":true}]}}